{"id":1156,"date":"2026-03-12T11:28:46","date_gmt":"2026-03-12T15:28:46","guid":{"rendered":"https:\/\/tulipfestival.ca\/product\/tulipe-legion-100\/"},"modified":"2026-04-01T20:51:32","modified_gmt":"2026-04-02T00:51:32","slug":"tulipe-legion-100","status":"publish","type":"product","link":"https:\/\/tulipfestival.ca\/fr\/produit\/tulipe-legion-100\/","title":{"rendered":"Tulipe L\u00e9gion 100"},"content":{"rendered":"<div><b>Pr\u00e9sentation de la tulipe L\u00e9gion 100 <\/b><\/div>\n<div><\/div>\n<div>Comm\u00e9morez les 100 prochaines ann\u00e9es de La L\u00e9gion royale canadienne avec des bulbes de tulipes L\u00e9gion 100 (\u00e9d. limit\u00e9e). Mettez en terre ces bulbes avec fiert\u00e9 d\u00e8s cet automne et c\u00e9l\u00e9brez d\u00e8s le printemps prochain le d\u00e9but du prochain si\u00e8cle de la L\u00e9gion!<br \/>\nChaque sac contient 25 bulbes.<\/div>\n<div><\/div>\n<div>Cette tulipe hybride Darwin met en \u00e9vidence de vifs p\u00e9tales rouge cerise bord\u00e9s de blanc. Dot\u00e9e de solides et robustes tiges, sa floraison produit de grandes fleurs pouvant atteindre cinq pouces de hauteur.<\/div>\n<div><\/div>\n<div>Les recettes des ventes seront partag\u00e9es entre la Direction nationale de La L\u00e9gion royale canadienne (h\u00f4te de la c\u00e9r\u00e9monie nationale du jour du Souvenir en hommage aux anciens combattants tomb\u00e9s au champ d\u2019honneur) et La Soci\u00e9t\u00e9 du patrimoine tulipe canadienne (ma\u00eetre d\u2019\u0153uvre des principales activit\u00e9s comm\u00e9moratives quant au r\u00f4le jou\u00e9 par le Canada dans la lib\u00e9ration des Pays-Bas, notamment gr\u00e2ce au Don royal de tulipes et au Festival canadien des tulipes).<\/div>\n<div><\/div>\n<div><b>RAMASSAGE EN BORDURE DE RUE \u00c0 OTTAWA UNIQUEMENT<\/b><\/div>\n<div><\/div>\n<div>Lieu de ramassage en bordure de rue :<\/div>\n<div>Rond-point du lac Dow<\/div>\n<div>1001 Queen Elizabeth Driveway, Ottawa<\/div>\n<div>Du 3 au 11 octobre 2026<\/div>\n<div>Tous les jours de 11 h \u00e0 17 h<\/div>\n","protected":false},"excerpt":{"rendered":"<p><strong>Un sac de bulbes de tulipe pour 3499 $<\/strong><br \/>\n<strong>Procurez-vous quatre sacs de 25 bulbes pour seulement 100 $*<\/strong><br \/>\n<em>*Plus taxes et frais de livraison, s\u2019il y a lieu<\/em><\/p>\n<p>Comm\u00e9morez les 100 prochaines ann\u00e9es de La L\u00e9gion royale canadienne avec des bulbes de tulipes L\u00e9gion 100 (\u00e9d. limit\u00e9e). Mettez en terre ces bulbes avec fiert\u00e9 d\u00e8s cet automne et c\u00e9l\u00e9brez d\u00e8s le printemps prochain le d\u00e9but du prochain si\u00e8cle de la L\u00e9gion! Chaque sac contient 25 bulbes.<\/p>\n<p>Cette tulipe hybride Darwin met en \u00e9vidence de vifs p\u00e9tales rouge cerise bord\u00e9s de blanc. Dot\u00e9e de solides et robustes tiges, sa floraison produit de grandes fleurs pouvant atteindre cinq pouces de hauteur.<\/p>\n<p>Les bordures blanches \u00e9clatantes de cette fleur unique se dressent vers le ciel, c\u00e9l\u00e9brant le premier si\u00e8cle de service de la L\u00e9gion et accueillant le suivant. Impr\u00e9gn\u00e9s du rouge du Souvenir, ses p\u00e9tales s\u2019\u00e9panouissent en un motif angulaire \u00e9voquant la couronne royale de l\u2019insigne de la L\u00e9gion. Cette tulipe embl\u00e9matique refl\u00e8te les couleurs de la L\u00e9gion et rappelle les couleurs symboliques du Canada\u2026 et de ses libert\u00e9s rendues possibles gr\u00e2ce aux sacrifices de nos v\u00e9t\u00e9rans.<\/p>\n<p>Les recettes des ventes seront partag\u00e9es entre la Direction nationale de La L\u00e9gion royale canadienne (h\u00f4te de la c\u00e9r\u00e9monie nationale du jour du Souvenir en hommage aux anciens combattants tomb\u00e9s au champ d\u2019honneur) et La Soci\u00e9t\u00e9 du patrimoine tulipe canadienne (ma\u00eetre d\u2019\u0153uvre des principales activit\u00e9s comm\u00e9moratives quant au r\u00f4le jou\u00e9 par le Canada dans la lib\u00e9ration des Pays-Bas, notamment gr\u00e2ce au Don royal de tulipes et au Festival canadien des tulipes).<\/p>\n","protected":false},"featured_media":1163,"comment_status":"open","ping_status":"closed","template":"","meta":{"_price":"34.99","_stock":"656","_tribe_ticket_header":"","_tribe_default_ticket_provider":"","_tribe_ticket_capacity":"","_ticket_start_date":"","_ticket_end_date":"","_tribe_ticket_show_description":"","_tribe_ticket_show_not_going":false,"_tribe_ticket_use_global_stock":"","_tribe_ticket_global_stock_level":"","_global_stock_mode":"","_global_stock_cap":"","_tribe_rsvp_for_event":"","_tribe_ticket_going_count":"","_tribe_ticket_not_going_count":"","_tribe_tickets_list":"[]","_tribe_ticket_has_attendee_info_fields":false,"_tec_slr_enabled":"","_tec_slr_layout":""},"product_brand":[],"product_cat":[24],"product_tag":[],"class_list":{"0":"post-1156","1":"product","2":"type-product","3":"status-publish","4":"has-post-thumbnail","6":"product_cat-non-classe","8":"first","9":"instock","10":"taxable","11":"shipping-taxable","12":"purchasable","13":"product-type-variable"},"yoast_head":"<!-- This site is optimized with the Yoast SEO plugin v27.5 - https:\/\/yoast.com\/product\/yoast-seo-wordpress\/ -->\n<title>Tulipe L\u00e9gion 100 - The Canadian Tulip Festival<\/title>\n<meta name=\"robots\" content=\"index, follow, max-snippet:-1, max-image-preview:large, max-video-preview:-1\" \/>\n<link rel=\"canonical\" href=\"https:\/\/tulipfestival.ca\/fr\/produit\/tulipe-legion-100\/\" \/>\n<meta property=\"og:locale\" content=\"fr_FR\" \/>\n<meta property=\"og:type\" content=\"article\" \/>\n<meta property=\"og:title\" content=\"Tulipe L\u00e9gion 100 - The Canadian Tulip Festival\" \/>\n<meta property=\"og:description\" content=\"Un sac de bulbes de tulipe pour 3499 $ Procurez-vous quatre sacs de 25 bulbes pour seulement 100 $* *Plus taxes et frais de livraison, s\u2019il y a lieu  Comm\u00e9morez les 100 prochaines ann\u00e9es de La L\u00e9gion royale canadienne avec des bulbes de tulipes L\u00e9gion 100 (\u00e9d. limit\u00e9e). Mettez en terre ces bulbes avec fiert\u00e9 d\u00e8s cet automne et c\u00e9l\u00e9brez d\u00e8s le printemps prochain le d\u00e9but du prochain si\u00e8cle de la L\u00e9gion! Chaque sac contient 25 bulbes.  Cette tulipe hybride Darwin met en \u00e9vidence de vifs p\u00e9tales rouge cerise bord\u00e9s de blanc. Dot\u00e9e de solides et robustes tiges, sa floraison produit de grandes fleurs pouvant atteindre cinq pouces de hauteur.  Les bordures blanches \u00e9clatantes de cette fleur unique se dressent vers le ciel, c\u00e9l\u00e9brant le premier si\u00e8cle de service de la L\u00e9gion et accueillant le suivant. Impr\u00e9gn\u00e9s du rouge du Souvenir, ses p\u00e9tales s\u2019\u00e9panouissent en un motif angulaire \u00e9voquant la couronne royale de l\u2019insigne de la L\u00e9gion. Cette tulipe embl\u00e9matique refl\u00e8te les couleurs de la L\u00e9gion et rappelle les couleurs symboliques du Canada\u2026 et de ses libert\u00e9s rendues possibles gr\u00e2ce aux sacrifices de nos v\u00e9t\u00e9rans.  Les recettes des ventes seront partag\u00e9es entre la Direction nationale de La L\u00e9gion royale canadienne (h\u00f4te de la c\u00e9r\u00e9monie nationale du jour du Souvenir en hommage aux anciens combattants tomb\u00e9s au champ d\u2019honneur) et La Soci\u00e9t\u00e9 du patrimoine tulipe canadienne (ma\u00eetre d\u2019\u0153uvre des principales activit\u00e9s comm\u00e9moratives quant au r\u00f4le jou\u00e9 par le Canada dans la lib\u00e9ration des Pays-Bas, notamment gr\u00e2ce au Don royal de tulipes et au Festival canadien des tulipes).\" \/>\n<meta property=\"og:url\" content=\"https:\/\/tulipfestival.ca\/fr\/produit\/tulipe-legion-100\/\" \/>\n<meta property=\"og:site_name\" content=\"The Canadian Tulip Festival\" \/>\n<meta property=\"article:publisher\" content=\"https:\/\/www.facebook.com\/CanadianTulipFestival\/\" \/>\n<meta property=\"article:modified_time\" content=\"2026-04-02T00:51:32+00:00\" \/>\n<meta property=\"og:image\" content=\"https:\/\/tulipfestival.ca\/wp-content\/uploads\/2026\/03\/Tulipa-Candy-Apple-Delight_2-1-1-1024x685.png\" \/>\n\t<meta property=\"og:image:width\" content=\"1024\" \/>\n\t<meta property=\"og:image:height\" content=\"685\" \/>\n\t<meta property=\"og:image:type\" content=\"image\/png\" \/>\n<meta name=\"twitter:card\" content=\"summary_large_image\" \/>\n<meta name=\"twitter:label1\" content=\"Dur\u00e9e de lecture estim\u00e9e\" \/>\n\t<meta name=\"twitter:data1\" content=\"2 minutes\" \/>\n<script type=\"application\/ld+json\" class=\"yoast-schema-graph\">{\"@context\":\"https:\\\/\\\/schema.org\",\"@graph\":[{\"@type\":\"WebPage\",\"@id\":\"https:\\\/\\\/tulipfestival.ca\\\/fr\\\/produit\\\/tulipe-legion-100\\\/\",\"url\":\"https:\\\/\\\/tulipfestival.ca\\\/fr\\\/produit\\\/tulipe-legion-100\\\/\",\"name\":\"Tulipe L\u00e9gion 100 - The Canadian Tulip Festival\",\"isPartOf\":{\"@id\":\"https:\\\/\\\/tulipfestival.ca\\\/fr\\\/#website\"},\"primaryImageOfPage\":{\"@id\":\"https:\\\/\\\/tulipfestival.ca\\\/fr\\\/produit\\\/tulipe-legion-100\\\/#primaryimage\"},\"image\":{\"@id\":\"https:\\\/\\\/tulipfestival.ca\\\/fr\\\/produit\\\/tulipe-legion-100\\\/#primaryimage\"},\"thumbnailUrl\":\"https:\\\/\\\/tulipfestival.ca\\\/wp-content\\\/uploads\\\/2026\\\/03\\\/Tulipa-Candy-Apple-Delight_2-1-1-scaled.png\",\"datePublished\":\"2026-03-12T15:28:46+00:00\",\"dateModified\":\"2026-04-02T00:51:32+00:00\",\"breadcrumb\":{\"@id\":\"https:\\\/\\\/tulipfestival.ca\\\/fr\\\/produit\\\/tulipe-legion-100\\\/#breadcrumb\"},\"inLanguage\":\"fr-FR\",\"potentialAction\":[{\"@type\":\"ReadAction\",\"target\":[\"https:\\\/\\\/tulipfestival.ca\\\/fr\\\/produit\\\/tulipe-legion-100\\\/\"]}]},{\"@type\":\"ImageObject\",\"inLanguage\":\"fr-FR\",\"@id\":\"https:\\\/\\\/tulipfestival.ca\\\/fr\\\/produit\\\/tulipe-legion-100\\\/#primaryimage\",\"url\":\"https:\\\/\\\/tulipfestival.ca\\\/wp-content\\\/uploads\\\/2026\\\/03\\\/Tulipa-Candy-Apple-Delight_2-1-1-scaled.png\",\"contentUrl\":\"https:\\\/\\\/tulipfestival.ca\\\/wp-content\\\/uploads\\\/2026\\\/03\\\/Tulipa-Candy-Apple-Delight_2-1-1-scaled.png\",\"width\":2560,\"height\":1714},{\"@type\":\"BreadcrumbList\",\"@id\":\"https:\\\/\\\/tulipfestival.ca\\\/fr\\\/produit\\\/tulipe-legion-100\\\/#breadcrumb\",\"itemListElement\":[{\"@type\":\"ListItem\",\"position\":1,\"name\":\"Home\",\"item\":\"https:\\\/\\\/tulipfestival.ca\\\/fr\\\/\"},{\"@type\":\"ListItem\",\"position\":2,\"name\":\"Boutique\",\"item\":\"https:\\\/\\\/tulipfestival.ca\\\/fr\\\/boutique\\\/\"},{\"@type\":\"ListItem\",\"position\":3,\"name\":\"Tulipe L\u00e9gion 100\"}]},{\"@type\":\"WebSite\",\"@id\":\"https:\\\/\\\/tulipfestival.ca\\\/fr\\\/#website\",\"url\":\"https:\\\/\\\/tulipfestival.ca\\\/fr\\\/\",\"name\":\"The Canadian Tulip Festival\",\"description\":\"Experience the World\u2019s Largest Tulip Festival \u2013 Ottawa\u2019s Historic Celebration of Spring &amp; Freedom.\",\"publisher\":{\"@id\":\"https:\\\/\\\/tulipfestival.ca\\\/fr\\\/#organization\"},\"potentialAction\":[{\"@type\":\"SearchAction\",\"target\":{\"@type\":\"EntryPoint\",\"urlTemplate\":\"https:\\\/\\\/tulipfestival.ca\\\/fr\\\/?s={search_term_string}\"},\"query-input\":{\"@type\":\"PropertyValueSpecification\",\"valueRequired\":true,\"valueName\":\"search_term_string\"}}],\"inLanguage\":\"fr-FR\"},{\"@type\":\"Organization\",\"@id\":\"https:\\\/\\\/tulipfestival.ca\\\/fr\\\/#organization\",\"name\":\"Canadian Tulip Festival\",\"url\":\"https:\\\/\\\/tulipfestival.ca\\\/fr\\\/\",\"logo\":{\"@type\":\"ImageObject\",\"inLanguage\":\"fr-FR\",\"@id\":\"https:\\\/\\\/tulipfestival.ca\\\/fr\\\/#\\\/schema\\\/logo\\\/image\\\/\",\"url\":\"https:\\\/\\\/tulipfestival.ca\\\/wp-content\\\/uploads\\\/2026\\\/03\\\/CTF-2024-People-LC-1188-1024x683.jpg\",\"contentUrl\":\"https:\\\/\\\/tulipfestival.ca\\\/wp-content\\\/uploads\\\/2026\\\/03\\\/CTF-2024-People-LC-1188-1024x683.jpg\",\"width\":1024,\"height\":683,\"caption\":\"Canadian Tulip Festival\"},\"image\":{\"@id\":\"https:\\\/\\\/tulipfestival.ca\\\/fr\\\/#\\\/schema\\\/logo\\\/image\\\/\"},\"sameAs\":[\"https:\\\/\\\/www.facebook.com\\\/CanadianTulipFestival\\\/\",\"https:\\\/\\\/www.youtube.com\\\/@TulipTVTulipe\"]}]}<\/script>\n<!-- \/ Yoast SEO plugin. -->","yoast_head_json":{"title":"Tulipe L\u00e9gion 100 - The Canadian Tulip Festival","robots":{"index":"index","follow":"follow","max-snippet":"max-snippet:-1","max-image-preview":"max-image-preview:large","max-video-preview":"max-video-preview:-1"},"canonical":"https:\/\/tulipfestival.ca\/fr\/produit\/tulipe-legion-100\/","og_locale":"fr_FR","og_type":"article","og_title":"Tulipe L\u00e9gion 100 - The Canadian Tulip Festival","og_description":"Un sac de bulbes de tulipe pour 3499 $ Procurez-vous quatre sacs de 25 bulbes pour seulement 100 $* *Plus taxes et frais de livraison, s\u2019il y a lieu  Comm\u00e9morez les 100 prochaines ann\u00e9es de La L\u00e9gion royale canadienne avec des bulbes de tulipes L\u00e9gion 100 (\u00e9d. limit\u00e9e). Mettez en terre ces bulbes avec fiert\u00e9 d\u00e8s cet automne et c\u00e9l\u00e9brez d\u00e8s le printemps prochain le d\u00e9but du prochain si\u00e8cle de la L\u00e9gion! Chaque sac contient 25 bulbes.  Cette tulipe hybride Darwin met en \u00e9vidence de vifs p\u00e9tales rouge cerise bord\u00e9s de blanc. Dot\u00e9e de solides et robustes tiges, sa floraison produit de grandes fleurs pouvant atteindre cinq pouces de hauteur.  Les bordures blanches \u00e9clatantes de cette fleur unique se dressent vers le ciel, c\u00e9l\u00e9brant le premier si\u00e8cle de service de la L\u00e9gion et accueillant le suivant. Impr\u00e9gn\u00e9s du rouge du Souvenir, ses p\u00e9tales s\u2019\u00e9panouissent en un motif angulaire \u00e9voquant la couronne royale de l\u2019insigne de la L\u00e9gion. Cette tulipe embl\u00e9matique refl\u00e8te les couleurs de la L\u00e9gion et rappelle les couleurs symboliques du Canada\u2026 et de ses libert\u00e9s rendues possibles gr\u00e2ce aux sacrifices de nos v\u00e9t\u00e9rans.  Les recettes des ventes seront partag\u00e9es entre la Direction nationale de La L\u00e9gion royale canadienne (h\u00f4te de la c\u00e9r\u00e9monie nationale du jour du Souvenir en hommage aux anciens combattants tomb\u00e9s au champ d\u2019honneur) et La Soci\u00e9t\u00e9 du patrimoine tulipe canadienne (ma\u00eetre d\u2019\u0153uvre des principales activit\u00e9s comm\u00e9moratives quant au r\u00f4le jou\u00e9 par le Canada dans la lib\u00e9ration des Pays-Bas, notamment gr\u00e2ce au Don royal de tulipes et au Festival canadien des tulipes).","og_url":"https:\/\/tulipfestival.ca\/fr\/produit\/tulipe-legion-100\/","og_site_name":"The Canadian Tulip Festival","article_publisher":"https:\/\/www.facebook.com\/CanadianTulipFestival\/","article_modified_time":"2026-04-02T00:51:32+00:00","og_image":[{"width":1024,"height":685,"url":"https:\/\/tulipfestival.ca\/wp-content\/uploads\/2026\/03\/Tulipa-Candy-Apple-Delight_2-1-1-1024x685.png","type":"image\/png"}],"twitter_card":"summary_large_image","twitter_misc":{"Dur\u00e9e de lecture estim\u00e9e":"2 minutes"},"schema":{"@context":"https:\/\/schema.org","@graph":[{"@type":"WebPage","@id":"https:\/\/tulipfestival.ca\/fr\/produit\/tulipe-legion-100\/","url":"https:\/\/tulipfestival.ca\/fr\/produit\/tulipe-legion-100\/","name":"Tulipe L\u00e9gion 100 - The Canadian Tulip Festival","isPartOf":{"@id":"https:\/\/tulipfestival.ca\/fr\/#website"},"primaryImageOfPage":{"@id":"https:\/\/tulipfestival.ca\/fr\/produit\/tulipe-legion-100\/#primaryimage"},"image":{"@id":"https:\/\/tulipfestival.ca\/fr\/produit\/tulipe-legion-100\/#primaryimage"},"thumbnailUrl":"https:\/\/tulipfestival.ca\/wp-content\/uploads\/2026\/03\/Tulipa-Candy-Apple-Delight_2-1-1-scaled.png","datePublished":"2026-03-12T15:28:46+00:00","dateModified":"2026-04-02T00:51:32+00:00","breadcrumb":{"@id":"https:\/\/tulipfestival.ca\/fr\/produit\/tulipe-legion-100\/#breadcrumb"},"inLanguage":"fr-FR","potentialAction":[{"@type":"ReadAction","target":["https:\/\/tulipfestival.ca\/fr\/produit\/tulipe-legion-100\/"]}]},{"@type":"ImageObject","inLanguage":"fr-FR","@id":"https:\/\/tulipfestival.ca\/fr\/produit\/tulipe-legion-100\/#primaryimage","url":"https:\/\/tulipfestival.ca\/wp-content\/uploads\/2026\/03\/Tulipa-Candy-Apple-Delight_2-1-1-scaled.png","contentUrl":"https:\/\/tulipfestival.ca\/wp-content\/uploads\/2026\/03\/Tulipa-Candy-Apple-Delight_2-1-1-scaled.png","width":2560,"height":1714},{"@type":"BreadcrumbList","@id":"https:\/\/tulipfestival.ca\/fr\/produit\/tulipe-legion-100\/#breadcrumb","itemListElement":[{"@type":"ListItem","position":1,"name":"Home","item":"https:\/\/tulipfestival.ca\/fr\/"},{"@type":"ListItem","position":2,"name":"Boutique","item":"https:\/\/tulipfestival.ca\/fr\/boutique\/"},{"@type":"ListItem","position":3,"name":"Tulipe L\u00e9gion 100"}]},{"@type":"WebSite","@id":"https:\/\/tulipfestival.ca\/fr\/#website","url":"https:\/\/tulipfestival.ca\/fr\/","name":"The Canadian Tulip Festival","description":"Experience the World\u2019s Largest Tulip Festival \u2013 Ottawa\u2019s Historic Celebration of Spring &amp; Freedom.","publisher":{"@id":"https:\/\/tulipfestival.ca\/fr\/#organization"},"potentialAction":[{"@type":"SearchAction","target":{"@type":"EntryPoint","urlTemplate":"https:\/\/tulipfestival.ca\/fr\/?s={search_term_string}"},"query-input":{"@type":"PropertyValueSpecification","valueRequired":true,"valueName":"search_term_string"}}],"inLanguage":"fr-FR"},{"@type":"Organization","@id":"https:\/\/tulipfestival.ca\/fr\/#organization","name":"Canadian Tulip Festival","url":"https:\/\/tulipfestival.ca\/fr\/","logo":{"@type":"ImageObject","inLanguage":"fr-FR","@id":"https:\/\/tulipfestival.ca\/fr\/#\/schema\/logo\/image\/","url":"https:\/\/tulipfestival.ca\/wp-content\/uploads\/2026\/03\/CTF-2024-People-LC-1188-1024x683.jpg","contentUrl":"https:\/\/tulipfestival.ca\/wp-content\/uploads\/2026\/03\/CTF-2024-People-LC-1188-1024x683.jpg","width":1024,"height":683,"caption":"Canadian Tulip Festival"},"image":{"@id":"https:\/\/tulipfestival.ca\/fr\/#\/schema\/logo\/image\/"},"sameAs":["https:\/\/www.facebook.com\/CanadianTulipFestival\/","https:\/\/www.youtube.com\/@TulipTVTulipe"]}]}},"jetpack_sharing_enabled":true,"_links":{"self":[{"href":"https:\/\/tulipfestival.ca\/fr\/wp-json\/wp\/v2\/product\/1156","targetHints":{"allow":["GET"]}}],"collection":[{"href":"https:\/\/tulipfestival.ca\/fr\/wp-json\/wp\/v2\/product"}],"about":[{"href":"https:\/\/tulipfestival.ca\/fr\/wp-json\/wp\/v2\/types\/product"}],"replies":[{"embeddable":true,"href":"https:\/\/tulipfestival.ca\/fr\/wp-json\/wp\/v2\/comments?post=1156"}],"wp:featuredmedia":[{"embeddable":true,"href":"https:\/\/tulipfestival.ca\/fr\/wp-json\/wp\/v2\/media\/1163"}],"wp:attachment":[{"href":"https:\/\/tulipfestival.ca\/fr\/wp-json\/wp\/v2\/media?parent=1156"}],"wp:term":[{"taxonomy":"product_brand","embeddable":true,"href":"https:\/\/tulipfestival.ca\/fr\/wp-json\/wp\/v2\/product_brand?post=1156"},{"taxonomy":"product_cat","embeddable":true,"href":"https:\/\/tulipfestival.ca\/fr\/wp-json\/wp\/v2\/product_cat?post=1156"},{"taxonomy":"product_tag","embeddable":true,"href":"https:\/\/tulipfestival.ca\/fr\/wp-json\/wp\/v2\/product_tag?post=1156"}],"curies":[{"name":"wp","href":"https:\/\/api.w.org\/{rel}","templated":true}]}}