{"id":366,"date":"2026-02-05T23:09:12","date_gmt":"2026-02-06T04:09:12","guid":{"rendered":"https:\/\/tulipfestival.ca\/?page_id=366"},"modified":"2026-02-05T23:15:16","modified_gmt":"2026-02-06T04:15:16","slug":"politique-de-remboursement-et-de-retour","status":"publish","type":"page","link":"https:\/\/tulipfestival.ca\/fr\/politique-de-remboursement-et-de-retour\/","title":{"rendered":"Politique de remboursement et de retour"},"content":{"rendered":"\n<p><\/p>\n\n<h2 class=\"wp-block-heading\">Aper\u00e7u<\/h2>\n\n<p>Notre politique de remboursement et de retour est valable 30 jours. Si 30 jours se sont \u00e9coul\u00e9s depuis votre achat, nous ne pouvons pas vous offrir un remboursement complet ou un \u00e9change.<\/p>\n\n<p>Pour \u00eatre \u00e9ligible \u00e0 un retour, votre article doit \u00eatre inutilis\u00e9 et dans le m\u00eame \u00e9tat que vous l&rsquo;avez re\u00e7u. Il doit \u00e9galement \u00eatre dans son emballage d&rsquo;origine.<\/p>\n\n<p>Plusieurs types de produits sont exempts de retour. Les produits p\u00e9rissables tels que la nourriture, les fleurs, les journaux ou les magazines ne peuvent pas \u00eatre retourn\u00e9s. Nous n&rsquo;acceptons pas non plus les produits intimes ou sanitaires, les mati\u00e8res dangereuses, ou les liquides ou gaz inflammables.<\/p>\n\n<p>Articles suppl\u00e9mentaires non retournables\u00a0:<\/p>\n\n<ul class=\"wp-block-list\">\n<li>Cartes cadeaux<\/li>\n\n\n\n<li>Produits logiciels t\u00e9l\u00e9chargeables<\/li>\n\n\n\n<li>Certains articles de sant\u00e9 et de soins personnels<\/li>\n<\/ul>\n\n<p>Pour compl\u00e9ter votre retour, nous exigeons un re\u00e7u ou une preuve d\u2019achat.<\/p>\n\n<p>Veuillez ne pas renvoyer votre achat au fabricant.<\/p>\n\n<p>Il existe certaines situations o\u00f9 seuls des remboursements partiels sont accord\u00e9s\u00a0:<\/p>\n\n<ul class=\"wp-block-list\">\n<li>Livre avec des signes \u00e9vidents d\u2019utilisation<\/li>\n\n\n\n<li>CD, DVD, cassette VHS, logiciel, jeu vid\u00e9o, cassette audio ou disque vinyle qui a \u00e9t\u00e9 ouvert.<\/li>\n\n\n\n<li>Tout article qui n\u2019est pas dans son \u00e9tat d\u2019origine, qui est endommag\u00e9 ou qui a des pi\u00e8ces manquantes pour des raisons non imputables \u00e0 notre erreur.<\/li>\n\n\n\n<li>Tout article retourn\u00e9 plus de 30 jours apr\u00e8s la livraison<\/li>\n<\/ul>\n\n<h2 class=\"wp-block-heading\">Remboursements<\/h2>\n\n<p>Une fois votre retour re\u00e7u et inspect\u00e9, nous vous enverrons un courriel pour vous notifier que nous avons re\u00e7u votre article retourn\u00e9. Nous vous notifierons \u00e9galement de l&rsquo;approbation ou du rejet de votre remboursement.<\/p>\n\n<p>Si votre demande est approuv\u00e9e, votre remboursement sera trait\u00e9 et un cr\u00e9dit sera automatiquement appliqu\u00e9 \u00e0 votre carte de cr\u00e9dit ou \u00e0 votre mode de paiement original, dans un certain nombre de jours.<\/p>\n\n<h3 class=\"wp-block-heading\">Remboursements tardifs ou manquants<\/h3>\n\n<p>Si vous n\u2019avez pas encore re\u00e7u de remboursement, v\u00e9rifiez d\u2019abord \u00e0 nouveau votre compte bancaire.<\/p>\n\n<p>Ensuite, contactez votre compagnie de carte de cr\u00e9dit, cela peut prendre un certain temps avant que votre remboursement ne soit officiellement comptabilis\u00e9.<\/p>\n\n<p>Contactez ensuite votre banque. Il y a souvent un d\u00e9lai de traitement avant qu&rsquo;un remboursement soit affich\u00e9.<\/p>\n\n<p>Si vous avez fait tout cela et que vous n\u2019avez toujours pas re\u00e7u votre remboursement, veuillez nous contacter \u00e0 {email address}.<\/p>\n\n<h3 class=\"wp-block-heading\">Articles en solde<\/h3>\n\n<p>Seuls les articles \u00e0 prix r\u00e9gulier peuvent \u00eatre rembours\u00e9s. Les articles en solde ne peuvent pas \u00eatre rembours\u00e9s.<\/p>\n\n<h2 class=\"wp-block-heading\">\u00c9changes<\/h2>\n\n<p>Nous ne rempla\u00e7ons les articles que s&rsquo;ils sont d\u00e9fectueux ou endommag\u00e9s. Si vous devez l&rsquo;\u00e9changer pour le m\u00eame article, envoyez-nous un courriel \u00e0 {email address} et envoyez votre article \u00e0 : {physical address}.<\/p>\n\n<h2 class=\"wp-block-heading\">Cadeaux<\/h2>\n\n<p>Si l&rsquo;article \u00e9tait marqu\u00e9 comme cadeau lors de l&rsquo;achat et exp\u00e9di\u00e9 directement chez vous, vous recevrez un cr\u00e9dit cadeau pour la valeur de votre retour. Une fois l&rsquo;article retourn\u00e9 re\u00e7u, un certificat cadeau vous sera envoy\u00e9 par courrier.<\/p>\n\n<p>Si l\u2019article n\u2019a pas \u00e9t\u00e9 marqu\u00e9 comme cadeau lors de l\u2019achat, ou si le donateur s\u2019est fait exp\u00e9dier la commande pour vous la donner plus tard, nous enverrons un remboursement au donateur et il d\u00e9couvrira votre retour.<\/p>\n\n<h2 class=\"wp-block-heading\">Exp\u00e9dition des retours<\/h2>\n\n<p>Pour retourner votre produit, vous devez poster votre produit \u00e0\u00a0: {physical address}.<\/p>\n\n<p>Vous serez responsable de payer vos propres frais d&rsquo;exp\u00e9dition pour retourner votre article. Les frais d&rsquo;exp\u00e9dition ne sont pas remboursables. Si vous recevez un remboursement, le co\u00fbt de l&rsquo;exp\u00e9dition de retour sera d\u00e9duit de votre remboursement.<\/p>\n\n<p>Selon l\u2019endroit o\u00f9 vous vivez, le temps qu\u2019il faudra \u00e0 votre produit \u00e9chang\u00e9 pour vous parvenir peut varier.<\/p>\n\n<p>Si vous retournez des articles plus co\u00fbteux, vous pourriez envisager d&rsquo;utiliser un service d&rsquo;exp\u00e9dition avec suivi ou d&rsquo;acheter une assurance d&rsquo;exp\u00e9dition. Nous ne garantissons pas que nous recevrons votre article retourn\u00e9.<\/p>\n\n<h2 class=\"wp-block-heading\">Besoin d\u2019aide\u00a0?<\/h2>\n\n<p>Contactez-nous \u00e0 {email} pour toute question relative aux remboursements et aux retours.<\/p>\n","protected":false},"excerpt":{"rendered":"<p>Aper\u00e7u Notre politique de remboursement et de retour est valable 30 jours. Si 30 jours se sont \u00e9coul\u00e9s depuis votre achat, nous ne pouvons pas vous offrir un remboursement complet [&hellip;]<\/p>\n","protected":false},"author":1,"featured_media":0,"parent":0,"menu_order":0,"comment_status":"closed","ping_status":"closed","template":"","meta":{"_price":"","_stock":"","_tribe_ticket_header":"","_tribe_default_ticket_provider":"","_tribe_ticket_capacity":"0","_ticket_start_date":"","_ticket_end_date":"","_tribe_ticket_show_description":"","_tribe_ticket_show_not_going":false,"_tribe_ticket_use_global_stock":"","_tribe_ticket_global_stock_level":"","_global_stock_mode":"","_global_stock_cap":"","_tribe_rsvp_for_event":"","_tribe_ticket_going_count":"","_tribe_ticket_not_going_count":"","_tribe_tickets_list":"[]","_tribe_ticket_has_attendee_info_fields":false,"footnotes":"","_tec_slr_enabled":"","_tec_slr_layout":""},"class_list":["post-366","page","type-page","status-publish","hentry"],"yoast_head":"<!-- This site is optimized with the Yoast SEO plugin v27.6 - https:\/\/yoast.com\/product\/yoast-seo-wordpress\/ -->\n<title>Politique de remboursement et de retour - The Canadian Tulip Festival<\/title>\n<meta name=\"robots\" content=\"index, follow, max-snippet:-1, max-image-preview:large, max-video-preview:-1\" \/>\n<link rel=\"canonical\" href=\"https:\/\/tulipfestival.ca\/fr\/politique-de-remboursement-et-de-retour\/\" \/>\n<meta property=\"og:locale\" content=\"fr_FR\" \/>\n<meta property=\"og:type\" content=\"article\" \/>\n<meta property=\"og:title\" content=\"Politique de remboursement et de retour - The Canadian Tulip Festival\" \/>\n<meta property=\"og:description\" content=\"Aper\u00e7u Notre politique de remboursement et de retour est valable 30 jours. Si 30 jours se sont \u00e9coul\u00e9s depuis votre achat, nous ne pouvons pas vous offrir un remboursement complet [&hellip;]\" \/>\n<meta property=\"og:url\" content=\"https:\/\/tulipfestival.ca\/fr\/politique-de-remboursement-et-de-retour\/\" \/>\n<meta property=\"og:site_name\" content=\"The Canadian Tulip Festival\" \/>\n<meta property=\"article:publisher\" content=\"https:\/\/www.facebook.com\/CanadianTulipFestival\/\" \/>\n<meta property=\"article:modified_time\" content=\"2026-02-06T04:15:16+00:00\" \/>\n<meta property=\"og:image\" content=\"https:\/\/tulipfestival.ca\/wp-content\/uploads\/2026\/03\/CTF-2024-People-LC-1188-1024x683.jpg\" \/>\n\t<meta property=\"og:image:width\" content=\"1024\" \/>\n\t<meta property=\"og:image:height\" content=\"683\" \/>\n\t<meta property=\"og:image:type\" content=\"image\/jpeg\" \/>\n<meta name=\"twitter:card\" content=\"summary_large_image\" \/>\n<meta name=\"twitter:label1\" content=\"Dur\u00e9e de lecture estim\u00e9e\" \/>\n\t<meta name=\"twitter:data1\" content=\"3 minutes\" \/>\n<script type=\"application\/ld+json\" class=\"yoast-schema-graph\">{\"@context\":\"https:\\\/\\\/schema.org\",\"@graph\":[{\"@type\":\"Article\",\"@id\":\"https:\\\/\\\/tulipfestival.ca\\\/fr\\\/politique-de-remboursement-et-de-retour\\\/#article\",\"isPartOf\":{\"@id\":\"https:\\\/\\\/tulipfestival.ca\\\/fr\\\/politique-de-remboursement-et-de-retour\\\/\"},\"author\":{\"name\":\"835626pwpadmin\",\"@id\":\"https:\\\/\\\/tulipfestival.ca\\\/fr\\\/#\\\/schema\\\/person\\\/6d096c294fcd3891e022669b17d54e8f\"},\"headline\":\"Politique de remboursement et de retour\",\"datePublished\":\"2026-02-06T04:09:12+00:00\",\"dateModified\":\"2026-02-06T04:15:16+00:00\",\"mainEntityOfPage\":{\"@id\":\"https:\\\/\\\/tulipfestival.ca\\\/fr\\\/politique-de-remboursement-et-de-retour\\\/\"},\"wordCount\":673,\"publisher\":{\"@id\":\"https:\\\/\\\/tulipfestival.ca\\\/fr\\\/#organization\"},\"inLanguage\":\"fr-FR\"},{\"@type\":\"WebPage\",\"@id\":\"https:\\\/\\\/tulipfestival.ca\\\/fr\\\/politique-de-remboursement-et-de-retour\\\/\",\"url\":\"https:\\\/\\\/tulipfestival.ca\\\/fr\\\/politique-de-remboursement-et-de-retour\\\/\",\"name\":\"Politique de remboursement et de retour - The Canadian Tulip Festival\",\"isPartOf\":{\"@id\":\"https:\\\/\\\/tulipfestival.ca\\\/fr\\\/#website\"},\"datePublished\":\"2026-02-06T04:09:12+00:00\",\"dateModified\":\"2026-02-06T04:15:16+00:00\",\"breadcrumb\":{\"@id\":\"https:\\\/\\\/tulipfestival.ca\\\/fr\\\/politique-de-remboursement-et-de-retour\\\/#breadcrumb\"},\"inLanguage\":\"fr-FR\",\"potentialAction\":[{\"@type\":\"ReadAction\",\"target\":[\"https:\\\/\\\/tulipfestival.ca\\\/fr\\\/politique-de-remboursement-et-de-retour\\\/\"]}]},{\"@type\":\"BreadcrumbList\",\"@id\":\"https:\\\/\\\/tulipfestival.ca\\\/fr\\\/politique-de-remboursement-et-de-retour\\\/#breadcrumb\",\"itemListElement\":[{\"@type\":\"ListItem\",\"position\":1,\"name\":\"Home\",\"item\":\"https:\\\/\\\/tulipfestival.ca\\\/fr\\\/\"},{\"@type\":\"ListItem\",\"position\":2,\"name\":\"Politique de remboursement et de retour\"}]},{\"@type\":\"WebSite\",\"@id\":\"https:\\\/\\\/tulipfestival.ca\\\/fr\\\/#website\",\"url\":\"https:\\\/\\\/tulipfestival.ca\\\/fr\\\/\",\"name\":\"The Canadian Tulip Festival\",\"description\":\"Experience the World\u2019s Largest Tulip Festival \u2013 Ottawa\u2019s Historic Celebration of Spring &amp; Freedom.\",\"publisher\":{\"@id\":\"https:\\\/\\\/tulipfestival.ca\\\/fr\\\/#organization\"},\"potentialAction\":[{\"@type\":\"SearchAction\",\"target\":{\"@type\":\"EntryPoint\",\"urlTemplate\":\"https:\\\/\\\/tulipfestival.ca\\\/fr\\\/?s={search_term_string}\"},\"query-input\":{\"@type\":\"PropertyValueSpecification\",\"valueRequired\":true,\"valueName\":\"search_term_string\"}}],\"inLanguage\":\"fr-FR\"},{\"@type\":\"Organization\",\"@id\":\"https:\\\/\\\/tulipfestival.ca\\\/fr\\\/#organization\",\"name\":\"Canadian Tulip Festival\",\"url\":\"https:\\\/\\\/tulipfestival.ca\\\/fr\\\/\",\"logo\":{\"@type\":\"ImageObject\",\"inLanguage\":\"fr-FR\",\"@id\":\"https:\\\/\\\/tulipfestival.ca\\\/fr\\\/#\\\/schema\\\/logo\\\/image\\\/\",\"url\":\"https:\\\/\\\/tulipfestival.ca\\\/wp-content\\\/uploads\\\/2026\\\/03\\\/CTF-2024-People-LC-1188-1024x683.jpg\",\"contentUrl\":\"https:\\\/\\\/tulipfestival.ca\\\/wp-content\\\/uploads\\\/2026\\\/03\\\/CTF-2024-People-LC-1188-1024x683.jpg\",\"width\":1024,\"height\":683,\"caption\":\"Canadian Tulip Festival\"},\"image\":{\"@id\":\"https:\\\/\\\/tulipfestival.ca\\\/fr\\\/#\\\/schema\\\/logo\\\/image\\\/\"},\"sameAs\":[\"https:\\\/\\\/www.facebook.com\\\/CanadianTulipFestival\\\/\",\"https:\\\/\\\/www.youtube.com\\\/@TulipTVTulipe\"]},{\"@type\":\"Person\",\"@id\":\"https:\\\/\\\/tulipfestival.ca\\\/fr\\\/#\\\/schema\\\/person\\\/6d096c294fcd3891e022669b17d54e8f\",\"name\":\"835626pwpadmin\",\"image\":{\"@type\":\"ImageObject\",\"inLanguage\":\"fr-FR\",\"@id\":\"https:\\\/\\\/secure.gravatar.com\\\/avatar\\\/22585743f5c95e94939521b27a08b9e6d403d3ad12cfc00d4c507febbc75872a?s=96&d=mm&r=g\",\"url\":\"https:\\\/\\\/secure.gravatar.com\\\/avatar\\\/22585743f5c95e94939521b27a08b9e6d403d3ad12cfc00d4c507febbc75872a?s=96&d=mm&r=g\",\"contentUrl\":\"https:\\\/\\\/secure.gravatar.com\\\/avatar\\\/22585743f5c95e94939521b27a08b9e6d403d3ad12cfc00d4c507febbc75872a?s=96&d=mm&r=g\",\"caption\":\"835626pwpadmin\"},\"sameAs\":[\"https:\\\/\\\/tulipfestival.ca\"],\"url\":\"https:\\\/\\\/tulipfestival.ca\\\/fr\\\/author\\\/835626pwpadmin\\\/\"}]}<\/script>\n<!-- \/ Yoast SEO plugin. -->","yoast_head_json":{"title":"Politique de remboursement et de retour - The Canadian Tulip Festival","robots":{"index":"index","follow":"follow","max-snippet":"max-snippet:-1","max-image-preview":"max-image-preview:large","max-video-preview":"max-video-preview:-1"},"canonical":"https:\/\/tulipfestival.ca\/fr\/politique-de-remboursement-et-de-retour\/","og_locale":"fr_FR","og_type":"article","og_title":"Politique de remboursement et de retour - The Canadian Tulip Festival","og_description":"Aper\u00e7u Notre politique de remboursement et de retour est valable 30 jours. Si 30 jours se sont \u00e9coul\u00e9s depuis votre achat, nous ne pouvons pas vous offrir un remboursement complet [&hellip;]","og_url":"https:\/\/tulipfestival.ca\/fr\/politique-de-remboursement-et-de-retour\/","og_site_name":"The Canadian Tulip Festival","article_publisher":"https:\/\/www.facebook.com\/CanadianTulipFestival\/","article_modified_time":"2026-02-06T04:15:16+00:00","og_image":[{"width":1024,"height":683,"url":"https:\/\/tulipfestival.ca\/wp-content\/uploads\/2026\/03\/CTF-2024-People-LC-1188-1024x683.jpg","type":"image\/jpeg"}],"twitter_card":"summary_large_image","twitter_misc":{"Dur\u00e9e de lecture estim\u00e9e":"3 minutes"},"schema":{"@context":"https:\/\/schema.org","@graph":[{"@type":"Article","@id":"https:\/\/tulipfestival.ca\/fr\/politique-de-remboursement-et-de-retour\/#article","isPartOf":{"@id":"https:\/\/tulipfestival.ca\/fr\/politique-de-remboursement-et-de-retour\/"},"author":{"name":"835626pwpadmin","@id":"https:\/\/tulipfestival.ca\/fr\/#\/schema\/person\/6d096c294fcd3891e022669b17d54e8f"},"headline":"Politique de remboursement et de retour","datePublished":"2026-02-06T04:09:12+00:00","dateModified":"2026-02-06T04:15:16+00:00","mainEntityOfPage":{"@id":"https:\/\/tulipfestival.ca\/fr\/politique-de-remboursement-et-de-retour\/"},"wordCount":673,"publisher":{"@id":"https:\/\/tulipfestival.ca\/fr\/#organization"},"inLanguage":"fr-FR"},{"@type":"WebPage","@id":"https:\/\/tulipfestival.ca\/fr\/politique-de-remboursement-et-de-retour\/","url":"https:\/\/tulipfestival.ca\/fr\/politique-de-remboursement-et-de-retour\/","name":"Politique de remboursement et de retour - The Canadian Tulip Festival","isPartOf":{"@id":"https:\/\/tulipfestival.ca\/fr\/#website"},"datePublished":"2026-02-06T04:09:12+00:00","dateModified":"2026-02-06T04:15:16+00:00","breadcrumb":{"@id":"https:\/\/tulipfestival.ca\/fr\/politique-de-remboursement-et-de-retour\/#breadcrumb"},"inLanguage":"fr-FR","potentialAction":[{"@type":"ReadAction","target":["https:\/\/tulipfestival.ca\/fr\/politique-de-remboursement-et-de-retour\/"]}]},{"@type":"BreadcrumbList","@id":"https:\/\/tulipfestival.ca\/fr\/politique-de-remboursement-et-de-retour\/#breadcrumb","itemListElement":[{"@type":"ListItem","position":1,"name":"Home","item":"https:\/\/tulipfestival.ca\/fr\/"},{"@type":"ListItem","position":2,"name":"Politique de remboursement et de retour"}]},{"@type":"WebSite","@id":"https:\/\/tulipfestival.ca\/fr\/#website","url":"https:\/\/tulipfestival.ca\/fr\/","name":"The Canadian Tulip Festival","description":"Experience the World\u2019s Largest Tulip Festival \u2013 Ottawa\u2019s Historic Celebration of Spring &amp; Freedom.","publisher":{"@id":"https:\/\/tulipfestival.ca\/fr\/#organization"},"potentialAction":[{"@type":"SearchAction","target":{"@type":"EntryPoint","urlTemplate":"https:\/\/tulipfestival.ca\/fr\/?s={search_term_string}"},"query-input":{"@type":"PropertyValueSpecification","valueRequired":true,"valueName":"search_term_string"}}],"inLanguage":"fr-FR"},{"@type":"Organization","@id":"https:\/\/tulipfestival.ca\/fr\/#organization","name":"Canadian Tulip Festival","url":"https:\/\/tulipfestival.ca\/fr\/","logo":{"@type":"ImageObject","inLanguage":"fr-FR","@id":"https:\/\/tulipfestival.ca\/fr\/#\/schema\/logo\/image\/","url":"https:\/\/tulipfestival.ca\/wp-content\/uploads\/2026\/03\/CTF-2024-People-LC-1188-1024x683.jpg","contentUrl":"https:\/\/tulipfestival.ca\/wp-content\/uploads\/2026\/03\/CTF-2024-People-LC-1188-1024x683.jpg","width":1024,"height":683,"caption":"Canadian Tulip Festival"},"image":{"@id":"https:\/\/tulipfestival.ca\/fr\/#\/schema\/logo\/image\/"},"sameAs":["https:\/\/www.facebook.com\/CanadianTulipFestival\/","https:\/\/www.youtube.com\/@TulipTVTulipe"]},{"@type":"Person","@id":"https:\/\/tulipfestival.ca\/fr\/#\/schema\/person\/6d096c294fcd3891e022669b17d54e8f","name":"835626pwpadmin","image":{"@type":"ImageObject","inLanguage":"fr-FR","@id":"https:\/\/secure.gravatar.com\/avatar\/22585743f5c95e94939521b27a08b9e6d403d3ad12cfc00d4c507febbc75872a?s=96&d=mm&r=g","url":"https:\/\/secure.gravatar.com\/avatar\/22585743f5c95e94939521b27a08b9e6d403d3ad12cfc00d4c507febbc75872a?s=96&d=mm&r=g","contentUrl":"https:\/\/secure.gravatar.com\/avatar\/22585743f5c95e94939521b27a08b9e6d403d3ad12cfc00d4c507febbc75872a?s=96&d=mm&r=g","caption":"835626pwpadmin"},"sameAs":["https:\/\/tulipfestival.ca"],"url":"https:\/\/tulipfestival.ca\/fr\/author\/835626pwpadmin\/"}]}},"jetpack_sharing_enabled":true,"ticketed":false,"_links":{"self":[{"href":"https:\/\/tulipfestival.ca\/fr\/wp-json\/wp\/v2\/pages\/366","targetHints":{"allow":["GET"]}}],"collection":[{"href":"https:\/\/tulipfestival.ca\/fr\/wp-json\/wp\/v2\/pages"}],"about":[{"href":"https:\/\/tulipfestival.ca\/fr\/wp-json\/wp\/v2\/types\/page"}],"author":[{"embeddable":true,"href":"https:\/\/tulipfestival.ca\/fr\/wp-json\/wp\/v2\/users\/1"}],"replies":[{"embeddable":true,"href":"https:\/\/tulipfestival.ca\/fr\/wp-json\/wp\/v2\/comments?post=366"}],"version-history":[{"count":2,"href":"https:\/\/tulipfestival.ca\/fr\/wp-json\/wp\/v2\/pages\/366\/revisions"}],"predecessor-version":[{"id":380,"href":"https:\/\/tulipfestival.ca\/fr\/wp-json\/wp\/v2\/pages\/366\/revisions\/380"}],"wp:attachment":[{"href":"https:\/\/tulipfestival.ca\/fr\/wp-json\/wp\/v2\/media?parent=366"}],"curies":[{"name":"wp","href":"https:\/\/api.w.org\/{rel}","templated":true}]}}